{"id":1591,"date":"2021-01-24T17:35:50","date_gmt":"2021-01-24T17:35:50","guid":{"rendered":"https:\/\/cmvshop.com\/?page_id=1591"},"modified":"2021-03-10T16:23:36","modified_gmt":"2021-03-10T16:23:36","slug":"informazioni-generali","status":"publish","type":"page","link":"https:\/\/cmvshop.com\/de\/informazioni-generali\/","title":{"rendered":"Allgemeine Informationen"},"content":{"rendered":"<div data-elementor-type=\"wp-page\" data-elementor-id=\"1591\" class=\"elementor elementor-1591\" data-elementor-post-type=\"page\">\n\t\t\t\t\t\t<section class=\"elementor-section elementor-top-section elementor-element elementor-element-c6977e5 elementor-section-boxed elementor-section-height-default elementor-section-height-default\" data-id=\"c6977e5\" data-element_type=\"section\">\n\t\t\t\t\t\t<div class=\"elementor-container elementor-column-gap-default\">\n\t\t\t\t\t<div class=\"elementor-column elementor-col-100 elementor-top-column elementor-element elementor-element-6b53ece\" data-id=\"6b53ece\" data-element_type=\"column\" data-settings=\"{&quot;background_background&quot;:&quot;gradient&quot;}\">\n\t\t\t<div class=\"elementor-widget-wrap elementor-element-populated\">\n\t\t\t\t\t\t<section class=\"elementor-section elementor-inner-section elementor-element elementor-element-735ccbb elementor-section-boxed elementor-section-height-default elementor-section-height-default\" data-id=\"735ccbb\" data-element_type=\"section\">\n\t\t\t\t\t\t<div class=\"elementor-container elementor-column-gap-default\">\n\t\t\t\t\t<div class=\"elementor-column elementor-col-50 elementor-inner-column elementor-element elementor-element-8435373\" data-id=\"8435373\" data-element_type=\"column\">\n\t\t\t<div class=\"elementor-widget-wrap elementor-element-populated\">\n\t\t\t\t\t\t<div class=\"elementor-element elementor-element-fca0f73 elementor-widget elementor-widget-image\" data-id=\"fca0f73\" data-element_type=\"widget\" data-widget_type=\"image.default\">\n\t\t\t\t<div class=\"elementor-widget-container\">\n\t\t\t\t\t\t\t\t\t\t\t\t\t\t\t<img fetchpriority=\"high\" decoding=\"async\" width=\"400\" height=\"163\" src=\"https:\/\/cmvshop.com\/wp-content\/uploads\/2021\/01\/logo_002.png\" class=\"attachment-large size-large wp-image-8\" alt=\"\" srcset=\"https:\/\/cmvshop.com\/wp-content\/uploads\/2021\/01\/logo_002.png 400w, https:\/\/cmvshop.com\/wp-content\/uploads\/2021\/01\/logo_002-300x122.png 300w\" sizes=\"(max-width: 400px) 100vw, 400px\" \/>\t\t\t\t\t\t\t\t\t\t\t\t\t\t\t<\/div>\n\t\t\t\t<\/div>\n\t\t\t\t\t<\/div>\n\t\t<\/div>\n\t\t\t\t<div class=\"elementor-column elementor-col-50 elementor-inner-column elementor-element elementor-element-dde1b65\" data-id=\"dde1b65\" data-element_type=\"column\">\n\t\t\t<div class=\"elementor-widget-wrap elementor-element-populated\">\n\t\t\t\t\t\t<div class=\"elementor-element elementor-element-a99a438 elementor-widget elementor-widget-image\" data-id=\"a99a438\" data-element_type=\"widget\" data-widget_type=\"image.default\">\n\t\t\t\t<div class=\"elementor-widget-container\">\n\t\t\t\t\t\t\t\t\t\t\t\t\t\t\t<img decoding=\"async\" width=\"300\" height=\"200\" src=\"https:\/\/cmvshop.com\/wp-content\/uploads\/2021\/02\/CMV-MANUBRIO-PARACOLPI-CORTO-VERDE-ACIDO_low_res-300x200.jpg\" class=\"attachment-medium size-medium wp-image-2227\" alt=\"\" srcset=\"https:\/\/cmvshop.com\/wp-content\/uploads\/2021\/02\/CMV-MANUBRIO-PARACOLPI-CORTO-VERDE-ACIDO_low_res-300x200.jpg 300w, https:\/\/cmvshop.com\/wp-content\/uploads\/2021\/02\/CMV-MANUBRIO-PARACOLPI-CORTO-VERDE-ACIDO_low_res-scaled-600x400.jpg 600w, https:\/\/cmvshop.com\/wp-content\/uploads\/2021\/02\/CMV-MANUBRIO-PARACOLPI-CORTO-VERDE-ACIDO_low_res-1024x683.jpg 1024w, https:\/\/cmvshop.com\/wp-content\/uploads\/2021\/02\/CMV-MANUBRIO-PARACOLPI-CORTO-VERDE-ACIDO_low_res-768x512.jpg 768w, https:\/\/cmvshop.com\/wp-content\/uploads\/2021\/02\/CMV-MANUBRIO-PARACOLPI-CORTO-VERDE-ACIDO_low_res-1536x1024.jpg 1536w, https:\/\/cmvshop.com\/wp-content\/uploads\/2021\/02\/CMV-MANUBRIO-PARACOLPI-CORTO-VERDE-ACIDO_low_res-2048x1365.jpg 2048w\" sizes=\"(max-width: 300px) 100vw, 300px\" \/>\t\t\t\t\t\t\t\t\t\t\t\t\t\t\t<\/div>\n\t\t\t\t<\/div>\n\t\t\t\t\t<\/div>\n\t\t<\/div>\n\t\t\t\t\t<\/div>\n\t\t<\/section>\n\t\t\t\t\t<\/div>\n\t\t<\/div>\n\t\t\t\t\t<\/div>\n\t\t<\/section>\n\t\t\t\t<section class=\"elementor-section elementor-top-section elementor-element elementor-element-0a06892 elementor-section-boxed elementor-section-height-default elementor-section-height-default\" data-id=\"0a06892\" data-element_type=\"section\">\n\t\t\t\t\t\t<div class=\"elementor-container elementor-column-gap-default\">\n\t\t\t\t\t<div class=\"elementor-column elementor-col-100 elementor-top-column elementor-element elementor-element-cbebb49\" data-id=\"cbebb49\" data-element_type=\"column\">\n\t\t\t<div class=\"elementor-widget-wrap elementor-element-populated\">\n\t\t\t\t\t\t<div class=\"elementor-element elementor-element-a7802ac elementor-widget elementor-widget-text-editor\" data-id=\"a7802ac\" data-element_type=\"widget\" data-widget_type=\"text-editor.default\">\n\t\t\t\t<div class=\"elementor-widget-container\">\n\t\t\t\t\t\t\t\t\t<ul><li>Um die besten Ergebnisse in Bezug auf Widerstand und Sicherheit zu erzielen, kaufen wir das Ergal\u00ae-Rohr mit einem Durchmesser von 28,6 mm und einer Dicke von 6,55 mm von f\u00fchrenden europ\u00e4ischen Herstellern<\/li><li>Bei CNC-Maschinen geben wir das Rohr so zur\u00fcck, dass es an den Enden 22 mm des Standarddurchmessers aufweist. Wir sind die einzigen Hersteller, die die R\u00f6hre zur\u00fcckgeben, anstatt sie zu best\u00e4tigen. Selbst wenn bei diesem Verfahren Rohmaterial des 40% verschwendet wird, schw\u00e4cht sich die Struktur des Lenkers nicht ab und erm\u00f6glicht es uns, eine gr\u00f6\u00dfere Dicke entsprechend den am st\u00e4rksten beanspruchten Bereichen zu erzielen.<\/li><li>Wir biegen den Lenker mit den CNC BLM-Biegemaschinen der neuesten Generation mit der M\u00f6glichkeit, kundenspezifische Biegungen vorzunehmen. Wir st\u00e4rken den Lenker, indem wir ihn im Ofen altern lassen und den Ergal\u00ae auf die Klasse T6 bringen.<\/li><li>Das Finish kann gl\u00e4nzend oder satiniert sein. Das Eloxieren, das die gew\u00fcnschte Farbe ergibt, wird von einem Marktf\u00fchrer durchgef\u00fchrt. Mit dem Mopa-Laser der neuesten Generation werden die Zentrierungsmarkierungen graviert und auf Anfrage k\u00f6nnen wir die Namen und Logos in Graustufen gravieren. Italienisches 100% Produkt.\u00a0<\/li><\/ul>\t\t\t\t\t\t\t\t<\/div>\n\t\t\t\t<\/div>\n\t\t\t\t\t<\/div>\n\t\t<\/div>\n\t\t\t\t\t<\/div>\n\t\t<\/section>\n\t\t\t\t<section class=\"elementor-section elementor-top-section elementor-element elementor-element-a44f29d elementor-section-boxed elementor-section-height-default elementor-section-height-default\" data-id=\"a44f29d\" data-element_type=\"section\">\n\t\t\t\t\t\t<div class=\"elementor-container elementor-column-gap-default\">\n\t\t\t\t\t<div class=\"elementor-column elementor-col-50 elementor-top-column elementor-element elementor-element-91cd9e7\" data-id=\"91cd9e7\" data-element_type=\"column\">\n\t\t\t<div class=\"elementor-widget-wrap elementor-element-populated\">\n\t\t\t\t\t\t<div class=\"elementor-element elementor-element-7f975a7 elementor-widget elementor-widget-heading\" data-id=\"7f975a7\" data-element_type=\"widget\" data-widget_type=\"heading.default\">\n\t\t\t\t<div class=\"elementor-widget-container\">\n\t\t\t\t\t<h2 class=\"elementor-heading-title elementor-size-default\">Verf\u00fcgbare Gr\u00f6\u00dfen<\/h2>\t\t\t\t<\/div>\n\t\t\t\t<\/div>\n\t\t\t\t<div class=\"elementor-element elementor-element-defe7dc elementor-widget-divider--view-line elementor-widget elementor-widget-divider\" data-id=\"defe7dc\" data-element_type=\"widget\" data-widget_type=\"divider.default\">\n\t\t\t\t<div class=\"elementor-widget-container\">\n\t\t\t\t\t\t\t<div class=\"elementor-divider\">\n\t\t\t<span class=\"elementor-divider-separator\">\n\t\t\t\t\t\t<\/span>\n\t\t<\/div>\n\t\t\t\t\t\t<\/div>\n\t\t\t\t<\/div>\n\t\t\t\t<div class=\"elementor-element elementor-element-6647a9d elementor-widget elementor-widget-text-editor\" data-id=\"6647a9d\" data-element_type=\"widget\" data-widget_type=\"text-editor.default\">\n\t\t\t\t<div class=\"elementor-widget-container\">\n\t\t\t\t\t\t\t\t\t<p>Die Produktion von CMV Meccanica Lenkern umfasst verschiedene Arten von Produkten mit verschiedenen Falten, die alle Arten von Anforderungen f\u00fcr Ihr Motorrad abdecken. Um die Suche nach der idealen Falte zu erleichtern, haben wir eine PDF-Tabelle erstellt, in der alle verf\u00fcgbaren Gr\u00f6\u00dfen zusammengefasst sind.<\/p>\t\t\t\t\t\t\t\t<\/div>\n\t\t\t\t<\/div>\n\t\t\t\t\t<\/div>\n\t\t<\/div>\n\t\t\t\t<div class=\"elementor-column elementor-col-50 elementor-top-column elementor-element elementor-element-0b74e87\" data-id=\"0b74e87\" data-element_type=\"column\">\n\t\t\t<div class=\"elementor-widget-wrap elementor-element-populated\">\n\t\t\t\t\t\t<div class=\"elementor-element elementor-element-c699a7d elementor-position-top elementor-widget elementor-widget-image-box\" data-id=\"c699a7d\" data-element_type=\"widget\" data-widget_type=\"image-box.default\">\n\t\t\t\t<div class=\"elementor-widget-container\">\n\t\t\t\t\t<div class=\"elementor-image-box-wrapper\"><figure class=\"elementor-image-box-img\"><a href=\"https:\/\/cmvshop.com\/wp-content\/uploads\/2021\/03\/tabella_pieghe_cmvmeccanica_manubri-2.pdf-2.pdf\" tabindex=\"-1\"><img decoding=\"async\" width=\"1258\" height=\"797\" src=\"https:\/\/cmvshop.com\/wp-content\/uploads\/2021\/03\/tabella_pieghe_foto.jpg\" class=\"attachment-full size-full wp-image-2373\" alt=\"\" srcset=\"https:\/\/cmvshop.com\/wp-content\/uploads\/2021\/03\/tabella_pieghe_foto.jpg 1258w, https:\/\/cmvshop.com\/wp-content\/uploads\/2021\/03\/tabella_pieghe_foto-600x380.jpg 600w, https:\/\/cmvshop.com\/wp-content\/uploads\/2021\/03\/tabella_pieghe_foto-300x190.jpg 300w, https:\/\/cmvshop.com\/wp-content\/uploads\/2021\/03\/tabella_pieghe_foto-1024x649.jpg 1024w, https:\/\/cmvshop.com\/wp-content\/uploads\/2021\/03\/tabella_pieghe_foto-768x487.jpg 768w, https:\/\/cmvshop.com\/wp-content\/uploads\/2021\/03\/tabella_pieghe_foto-16x10.jpg 16w\" sizes=\"(max-width: 1258px) 100vw, 1258px\" \/><\/a><\/figure><div class=\"elementor-image-box-content\"><h3 class=\"elementor-image-box-title\"><a href=\"https:\/\/cmvshop.com\/wp-content\/uploads\/2021\/03\/tabella_pieghe_cmvmeccanica_manubri-2.pdf-2.pdf\">Klapptisch<\/a><\/h3><p class=\"elementor-image-box-description\">Klicken Sie auf das Bild, um die Lenkerbiegetabelle anzuzeigen<\/p><\/div><\/div>\t\t\t\t<\/div>\n\t\t\t\t<\/div>\n\t\t\t\t\t<\/div>\n\t\t<\/div>\n\t\t\t\t\t<\/div>\n\t\t<\/section>\n\t\t\t\t<section class=\"elementor-section elementor-top-section elementor-element elementor-element-e6f3561 elementor-section-boxed elementor-section-height-default elementor-section-height-default\" data-id=\"e6f3561\" data-element_type=\"section\">\n\t\t\t\t\t\t<div class=\"elementor-container elementor-column-gap-default\">\n\t\t\t\t\t<div class=\"elementor-column elementor-col-100 elementor-top-column elementor-element elementor-element-6ed691e\" data-id=\"6ed691e\" data-element_type=\"column\">\n\t\t\t<div class=\"elementor-widget-wrap\">\n\t\t\t\t\t\t\t<\/div>\n\t\t<\/div>\n\t\t\t\t\t<\/div>\n\t\t<\/section>\n\t\t\t\t<\/div>","protected":false},"excerpt":{"rendered":"<p>Um die besten Ergebnisse in Bezug auf Best\u00e4ndigkeit und Sicherheit zu erzielen, beziehen wir das Ergal\u00ae-Rohr mit einem Durchmesser von 28,6 mm und einer Dicke von 6,55 mm von f\u00fchrenden europ\u00e4ischen Herstellern, 22 mm des Standarddurchmessers. Wir sind die einzigen Produzenten, die zur\u00fcckkommen [...]<\/p>","protected":false},"author":1,"featured_media":0,"parent":0,"menu_order":0,"comment_status":"closed","ping_status":"closed","template":"","meta":{"inline_featured_image":false,"footnotes":""},"class_list":["post-1591","page","type-page","status-publish","hentry"],"yoast_head":"<!-- This site is optimized with the Yoast SEO plugin v26.6 - https:\/\/yoast.com\/wordpress\/plugins\/seo\/ -->\n<title>Informazioni generali - CMV Shop<\/title>\n<meta name=\"robots\" content=\"index, follow, max-snippet:-1, max-image-preview:large, max-video-preview:-1\" \/>\n<link rel=\"canonical\" href=\"https:\/\/cmvshop.com\/de\/informazioni-generali\/\" \/>\n<meta property=\"og:locale\" content=\"de_DE\" \/>\n<meta property=\"og:type\" content=\"article\" \/>\n<meta property=\"og:title\" content=\"Informazioni generali - CMV Shop\" \/>\n<meta property=\"og:description\" content=\"Per ottenere i migliori risultati in termini di resistenza e sicurezza, acquistiamo da produttori Europei leader di mercato il tubo in Ergal\u00ae da 28,6 mm di diametro con uno spessore di 6,55 mm Torniamo con macchine CNC il tubo per avere alle estremit\u00e0 i 22 mm del diametro standard. Siamo gli unici produttori che torniscono [&hellip;]\" \/>\n<meta property=\"og:url\" content=\"https:\/\/cmvshop.com\/de\/informazioni-generali\/\" \/>\n<meta property=\"og:site_name\" content=\"CMV Shop\" \/>\n<meta property=\"article:publisher\" content=\"https:\/\/www.facebook.com\/cmvmecc\" \/>\n<meta property=\"article:modified_time\" content=\"2021-03-10T16:23:36+00:00\" \/>\n<meta property=\"og:image\" content=\"https:\/\/cmvshop.com\/wp-content\/uploads\/2021\/01\/logo_002.png\" \/>\n<meta name=\"twitter:card\" content=\"summary_large_image\" \/>\n<meta name=\"twitter:label1\" content=\"Gesch\u00e4tzte Lesezeit\" \/>\n\t<meta name=\"twitter:data1\" content=\"2 Minuten\" \/>\n<script type=\"application\/ld+json\" class=\"yoast-schema-graph\">{\"@context\":\"https:\/\/schema.org\",\"@graph\":[{\"@type\":\"WebPage\",\"@id\":\"https:\/\/cmvshop.com\/informazioni-generali\/\",\"url\":\"https:\/\/cmvshop.com\/informazioni-generali\/\",\"name\":\"Informazioni generali - CMV Shop\",\"isPartOf\":{\"@id\":\"https:\/\/cmvshop.com\/#website\"},\"primaryImageOfPage\":{\"@id\":\"https:\/\/cmvshop.com\/informazioni-generali\/#primaryimage\"},\"image\":{\"@id\":\"https:\/\/cmvshop.com\/informazioni-generali\/#primaryimage\"},\"thumbnailUrl\":\"https:\/\/cmvshop.com\/wp-content\/uploads\/2021\/01\/logo_002.png\",\"datePublished\":\"2021-01-24T17:35:50+00:00\",\"dateModified\":\"2021-03-10T16:23:36+00:00\",\"breadcrumb\":{\"@id\":\"https:\/\/cmvshop.com\/informazioni-generali\/#breadcrumb\"},\"inLanguage\":\"de-DE\",\"potentialAction\":[{\"@type\":\"ReadAction\",\"target\":[\"https:\/\/cmvshop.com\/informazioni-generali\/\"]}]},{\"@type\":\"ImageObject\",\"inLanguage\":\"de-DE\",\"@id\":\"https:\/\/cmvshop.com\/informazioni-generali\/#primaryimage\",\"url\":\"https:\/\/cmvshop.com\/wp-content\/uploads\/2021\/01\/logo_002.png\",\"contentUrl\":\"https:\/\/cmvshop.com\/wp-content\/uploads\/2021\/01\/logo_002.png\"},{\"@type\":\"BreadcrumbList\",\"@id\":\"https:\/\/cmvshop.com\/informazioni-generali\/#breadcrumb\",\"itemListElement\":[{\"@type\":\"ListItem\",\"position\":1,\"name\":\"Home\",\"item\":\"https:\/\/cmvshop.com\/\"},{\"@type\":\"ListItem\",\"position\":2,\"name\":\"Informazioni generali\"}]},{\"@type\":\"WebSite\",\"@id\":\"https:\/\/cmvshop.com\/#website\",\"url\":\"https:\/\/cmvshop.com\/\",\"name\":\"CMV Shop\",\"description\":\"CMV Meccanica Shop\",\"publisher\":{\"@id\":\"https:\/\/cmvshop.com\/#organization\"},\"potentialAction\":[{\"@type\":\"SearchAction\",\"target\":{\"@type\":\"EntryPoint\",\"urlTemplate\":\"https:\/\/cmvshop.com\/?s={search_term_string}\"},\"query-input\":{\"@type\":\"PropertyValueSpecification\",\"valueRequired\":true,\"valueName\":\"search_term_string\"}}],\"inLanguage\":\"de-DE\"},{\"@type\":\"Organization\",\"@id\":\"https:\/\/cmvshop.com\/#organization\",\"name\":\"CMV MECCANICA SRL\",\"url\":\"https:\/\/cmvshop.com\/\",\"logo\":{\"@type\":\"ImageObject\",\"inLanguage\":\"de-DE\",\"@id\":\"https:\/\/cmvshop.com\/#\/schema\/logo\/image\/\",\"url\":\"https:\/\/cmvshop.com\/wp-content\/uploads\/2021\/01\/logo_001.png\",\"contentUrl\":\"https:\/\/cmvshop.com\/wp-content\/uploads\/2021\/01\/logo_001.png\",\"width\":329,\"height\":150,\"caption\":\"CMV MECCANICA SRL\"},\"image\":{\"@id\":\"https:\/\/cmvshop.com\/#\/schema\/logo\/image\/\"},\"sameAs\":[\"https:\/\/www.facebook.com\/cmvmecc\",\"https:\/\/www.instagram.com\/cmvmeccanica\/\",\"https:\/\/www.linkedin.com\/company\/cmv-meccanica\/\"]}]}<\/script>\n<!-- \/ Yoast SEO plugin. -->","yoast_head_json":{"title":"Informazioni generali - CMV Shop","robots":{"index":"index","follow":"follow","max-snippet":"max-snippet:-1","max-image-preview":"max-image-preview:large","max-video-preview":"max-video-preview:-1"},"canonical":"https:\/\/cmvshop.com\/de\/informazioni-generali\/","og_locale":"de_DE","og_type":"article","og_title":"Informazioni generali - CMV Shop","og_description":"Per ottenere i migliori risultati in termini di resistenza e sicurezza, acquistiamo da produttori Europei leader di mercato il tubo in Ergal\u00ae da 28,6 mm di diametro con uno spessore di 6,55 mm Torniamo con macchine CNC il tubo per avere alle estremit\u00e0 i 22 mm del diametro standard. Siamo gli unici produttori che torniscono [&hellip;]","og_url":"https:\/\/cmvshop.com\/de\/informazioni-generali\/","og_site_name":"CMV Shop","article_publisher":"https:\/\/www.facebook.com\/cmvmecc","article_modified_time":"2021-03-10T16:23:36+00:00","og_image":[{"url":"https:\/\/cmvshop.com\/wp-content\/uploads\/2021\/01\/logo_002.png","type":"","width":"","height":""}],"twitter_card":"summary_large_image","twitter_misc":{"Gesch\u00e4tzte Lesezeit":"2 Minuten"},"schema":{"@context":"https:\/\/schema.org","@graph":[{"@type":"WebPage","@id":"https:\/\/cmvshop.com\/informazioni-generali\/","url":"https:\/\/cmvshop.com\/informazioni-generali\/","name":"Informazioni generali - CMV Shop","isPartOf":{"@id":"https:\/\/cmvshop.com\/#website"},"primaryImageOfPage":{"@id":"https:\/\/cmvshop.com\/informazioni-generali\/#primaryimage"},"image":{"@id":"https:\/\/cmvshop.com\/informazioni-generali\/#primaryimage"},"thumbnailUrl":"https:\/\/cmvshop.com\/wp-content\/uploads\/2021\/01\/logo_002.png","datePublished":"2021-01-24T17:35:50+00:00","dateModified":"2021-03-10T16:23:36+00:00","breadcrumb":{"@id":"https:\/\/cmvshop.com\/informazioni-generali\/#breadcrumb"},"inLanguage":"de-DE","potentialAction":[{"@type":"ReadAction","target":["https:\/\/cmvshop.com\/informazioni-generali\/"]}]},{"@type":"ImageObject","inLanguage":"de-DE","@id":"https:\/\/cmvshop.com\/informazioni-generali\/#primaryimage","url":"https:\/\/cmvshop.com\/wp-content\/uploads\/2021\/01\/logo_002.png","contentUrl":"https:\/\/cmvshop.com\/wp-content\/uploads\/2021\/01\/logo_002.png"},{"@type":"BreadcrumbList","@id":"https:\/\/cmvshop.com\/informazioni-generali\/#breadcrumb","itemListElement":[{"@type":"ListItem","position":1,"name":"Home","item":"https:\/\/cmvshop.com\/"},{"@type":"ListItem","position":2,"name":"Informazioni generali"}]},{"@type":"WebSite","@id":"https:\/\/cmvshop.com\/#website","url":"https:\/\/cmvshop.com\/","name":"CMV Shop","description":"CMV Meccanica Shop","publisher":{"@id":"https:\/\/cmvshop.com\/#organization"},"potentialAction":[{"@type":"SearchAction","target":{"@type":"EntryPoint","urlTemplate":"https:\/\/cmvshop.com\/?s={search_term_string}"},"query-input":{"@type":"PropertyValueSpecification","valueRequired":true,"valueName":"search_term_string"}}],"inLanguage":"de-DE"},{"@type":"Organization","@id":"https:\/\/cmvshop.com\/#organization","name":"CMV MECCANICA SRL","url":"https:\/\/cmvshop.com\/","logo":{"@type":"ImageObject","inLanguage":"de-DE","@id":"https:\/\/cmvshop.com\/#\/schema\/logo\/image\/","url":"https:\/\/cmvshop.com\/wp-content\/uploads\/2021\/01\/logo_001.png","contentUrl":"https:\/\/cmvshop.com\/wp-content\/uploads\/2021\/01\/logo_001.png","width":329,"height":150,"caption":"CMV MECCANICA SRL"},"image":{"@id":"https:\/\/cmvshop.com\/#\/schema\/logo\/image\/"},"sameAs":["https:\/\/www.facebook.com\/cmvmecc","https:\/\/www.instagram.com\/cmvmeccanica\/","https:\/\/www.linkedin.com\/company\/cmv-meccanica\/"]}]}},"_links":{"self":[{"href":"https:\/\/cmvshop.com\/de\/wp-json\/wp\/v2\/pages\/1591","targetHints":{"allow":["GET"]}}],"collection":[{"href":"https:\/\/cmvshop.com\/de\/wp-json\/wp\/v2\/pages"}],"about":[{"href":"https:\/\/cmvshop.com\/de\/wp-json\/wp\/v2\/types\/page"}],"author":[{"embeddable":true,"href":"https:\/\/cmvshop.com\/de\/wp-json\/wp\/v2\/users\/1"}],"replies":[{"embeddable":true,"href":"https:\/\/cmvshop.com\/de\/wp-json\/wp\/v2\/comments?post=1591"}],"version-history":[{"count":19,"href":"https:\/\/cmvshop.com\/de\/wp-json\/wp\/v2\/pages\/1591\/revisions"}],"predecessor-version":[{"id":2382,"href":"https:\/\/cmvshop.com\/de\/wp-json\/wp\/v2\/pages\/1591\/revisions\/2382"}],"wp:attachment":[{"href":"https:\/\/cmvshop.com\/de\/wp-json\/wp\/v2\/media?parent=1591"}],"curies":[{"name":"wp","href":"https:\/\/api.w.org\/{rel}","templated":true}]}}