{"id":2305,"date":"2021-03-03T11:43:24","date_gmt":"2021-03-03T11:43:24","guid":{"rendered":"https:\/\/cmvshop.com\/?page_id=2305"},"modified":"2021-04-01T14:52:28","modified_gmt":"2021-04-01T14:52:28","slug":"personalizzazione","status":"publish","type":"page","link":"https:\/\/cmvshop.com\/de\/personalizzazione\/","title":{"rendered":"Personalisierung"},"content":{"rendered":"<div data-elementor-type=\"wp-page\" data-elementor-id=\"2305\" class=\"elementor elementor-2305\" data-elementor-post-type=\"page\">\n\t\t\t\t\t\t<section class=\"elementor-section elementor-top-section elementor-element elementor-element-0bb3779 elementor-section-boxed elementor-section-height-default elementor-section-height-default\" data-id=\"0bb3779\" data-element_type=\"section\">\n\t\t\t\t\t\t<div class=\"elementor-container elementor-column-gap-default\">\n\t\t\t\t\t<div class=\"elementor-column elementor-col-50 elementor-top-column elementor-element elementor-element-19631b3\" data-id=\"19631b3\" data-element_type=\"column\">\n\t\t\t<div class=\"elementor-widget-wrap elementor-element-populated\">\n\t\t\t\t\t\t<div class=\"elementor-element elementor-element-173ff74 elementor-widget elementor-widget-image\" data-id=\"173ff74\" data-element_type=\"widget\" data-widget_type=\"image.default\">\n\t\t\t\t<div class=\"elementor-widget-container\">\n\t\t\t\t\t\t\t\t\t\t\t\t\t\t\t<img fetchpriority=\"high\" decoding=\"async\" width=\"980\" height=\"977\" src=\"https:\/\/cmvshop.com\/wp-content\/uploads\/2021\/03\/2021-03-03-15.06.23-1-1024x1021.jpg\" class=\"attachment-large size-large wp-image-2312\" alt=\"\" srcset=\"https:\/\/cmvshop.com\/wp-content\/uploads\/2021\/03\/2021-03-03-15.06.23-1-1024x1021.jpg 1024w, https:\/\/cmvshop.com\/wp-content\/uploads\/2021\/03\/2021-03-03-15.06.23-1-300x300.jpg 300w, https:\/\/cmvshop.com\/wp-content\/uploads\/2021\/03\/2021-03-03-15.06.23-1-100x100.jpg 100w, https:\/\/cmvshop.com\/wp-content\/uploads\/2021\/03\/2021-03-03-15.06.23-1-600x598.jpg 600w, https:\/\/cmvshop.com\/wp-content\/uploads\/2021\/03\/2021-03-03-15.06.23-1-150x150.jpg 150w, https:\/\/cmvshop.com\/wp-content\/uploads\/2021\/03\/2021-03-03-15.06.23-1-768x766.jpg 768w, https:\/\/cmvshop.com\/wp-content\/uploads\/2021\/03\/2021-03-03-15.06.23-1-12x12.jpg 12w, https:\/\/cmvshop.com\/wp-content\/uploads\/2021\/03\/2021-03-03-15.06.23-1-96x96.jpg 96w, https:\/\/cmvshop.com\/wp-content\/uploads\/2021\/03\/2021-03-03-15.06.23-1-460x460.jpg 460w, https:\/\/cmvshop.com\/wp-content\/uploads\/2021\/03\/2021-03-03-15.06.23-1.jpg 1080w\" sizes=\"(max-width: 980px) 100vw, 980px\" \/>\t\t\t\t\t\t\t\t\t\t\t\t\t\t\t<\/div>\n\t\t\t\t<\/div>\n\t\t\t\t\t<\/div>\n\t\t<\/div>\n\t\t\t\t<div class=\"elementor-column elementor-col-50 elementor-top-column elementor-element elementor-element-51a78a8\" data-id=\"51a78a8\" data-element_type=\"column\">\n\t\t\t<div class=\"elementor-widget-wrap elementor-element-populated\">\n\t\t\t\t\t\t<div class=\"elementor-element elementor-element-79697cd elementor-widget elementor-widget-text-editor\" data-id=\"79697cd\" data-element_type=\"widget\" data-widget_type=\"text-editor.default\">\n\t\t\t\t<div class=\"elementor-widget-container\">\n\t\t\t\t\t\t\t\t\t<p>M\u00f6chten Sie Ihren Lenker einzigartig machen? CMV bietet Ihnen die M\u00f6glichkeit, den Kauf durch Lasern von a anzupassen <strong>alphanumerischer Text<\/strong> oder deins <strong>Logo<\/strong>.<\/p><p>In unserem E-Commerce gibt es einen Code (klicken <strong><a href=\"https:\/\/cmvshop.com\/de\/produkt\/000111-laser-per-incisione-t\/\">Hier<\/a><\/strong> um es anzuzeigen), mit dem Sie den Anpassungsservice erwerben k\u00f6nnen, indem Sie Ihren neuen CMV-Lenker mit einem Laser markieren.<\/p><p>Legen Sie diesen Artikel in Ihren Warenkorb und denken Sie daran, dass Sie einen kaufen m\u00fcssen <b>einen f\u00fcr jeden Lenker, an dem Sie Ihre Anpassung vornehmen m\u00f6chten<\/b>, dann die Bestellung aufgeben und bezahlen. Wenn die Bestellphase abgeschlossen ist, kehren Sie zu dieser Seite zur\u00fcck, auf der Sie Ihre Personalisierung erstellen, die Vorschau anzeigen und an die CMV-Mitarbeiter senden k\u00f6nnen!<\/p>\t\t\t\t\t\t\t\t<\/div>\n\t\t\t\t<\/div>\n\t\t\t\t\t<\/div>\n\t\t<\/div>\n\t\t\t\t\t<\/div>\n\t\t<\/section>\n\t\t\t\t<section class=\"elementor-section elementor-top-section elementor-element elementor-element-9857454 elementor-section-boxed elementor-section-height-default elementor-section-height-default\" data-id=\"9857454\" data-element_type=\"section\">\n\t\t\t\t\t\t<div class=\"elementor-container elementor-column-gap-default\">\n\t\t\t\t\t<div class=\"elementor-column elementor-col-100 elementor-top-column elementor-element elementor-element-87a9ece\" data-id=\"87a9ece\" data-element_type=\"column\">\n\t\t\t<div class=\"elementor-widget-wrap elementor-element-populated\">\n\t\t\t\t\t\t<div class=\"elementor-element elementor-element-dce11f8 elementor-widget elementor-widget-spacer\" data-id=\"dce11f8\" data-element_type=\"widget\" data-widget_type=\"spacer.default\">\n\t\t\t\t<div class=\"elementor-widget-container\">\n\t\t\t\t\t\t\t<div class=\"elementor-spacer\">\n\t\t\t<div class=\"elementor-spacer-inner\"><\/div>\n\t\t<\/div>\n\t\t\t\t\t\t<\/div>\n\t\t\t\t<\/div>\n\t\t\t\t\t<\/div>\n\t\t<\/div>\n\t\t\t\t\t<\/div>\n\t\t<\/section>\n\t\t\t\t<section class=\"elementor-section elementor-top-section elementor-element elementor-element-e83e2ba elementor-section-boxed elementor-section-height-default elementor-section-height-default\" data-id=\"e83e2ba\" data-element_type=\"section\">\n\t\t\t\t\t\t<div class=\"elementor-container elementor-column-gap-default\">\n\t\t\t\t\t<div class=\"elementor-column elementor-col-100 elementor-top-column elementor-element elementor-element-2d05dea\" data-id=\"2d05dea\" data-element_type=\"column\">\n\t\t\t<div class=\"elementor-widget-wrap elementor-element-populated\">\n\t\t\t\t\t\t<div class=\"elementor-element elementor-element-c971081 elementor-widget elementor-widget-heading\" data-id=\"c971081\" data-element_type=\"widget\" data-widget_type=\"heading.default\">\n\t\t\t\t<div class=\"elementor-widget-container\">\n\t\t\t\t\t<h2 class=\"elementor-heading-title elementor-size-xl\">Sehen Sie sich das Video zur Lasermarkierung auf Instagram an<\/h2>\t\t\t\t<\/div>\n\t\t\t\t<\/div>\n\t\t\t\t\t<\/div>\n\t\t<\/div>\n\t\t\t\t\t<\/div>\n\t\t<\/section>\n\t\t\t\t<section class=\"elementor-section elementor-top-section elementor-element elementor-element-a80ffdd elementor-section-boxed elementor-section-height-default elementor-section-height-default\" data-id=\"a80ffdd\" data-element_type=\"section\">\n\t\t\t\t\t\t<div class=\"elementor-container elementor-column-gap-default\">\n\t\t\t\t\t<div class=\"elementor-column elementor-col-100 elementor-top-column elementor-element elementor-element-9134b8e\" data-id=\"9134b8e\" data-element_type=\"column\">\n\t\t\t<div class=\"elementor-widget-wrap elementor-element-populated\">\n\t\t\t\t\t\t<div class=\"elementor-element elementor-element-4599c54 elementor-widget elementor-widget-image\" data-id=\"4599c54\" data-element_type=\"widget\" data-widget_type=\"image.default\">\n\t\t\t\t<div class=\"elementor-widget-container\">\n\t\t\t\t\t\t\t\t\t\t\t\t\t\t\t\t<a href=\"https:\/\/www.instagram.com\/p\/CMRfykfKvWS\/\">\n\t\t\t\t\t\t\t<img decoding=\"async\" width=\"980\" height=\"417\" src=\"https:\/\/cmvshop.com\/wp-content\/uploads\/2021\/03\/2021-03-11-12.39.06-1024x436.jpg\" class=\"attachment-large size-large wp-image-2401\" alt=\"\" srcset=\"https:\/\/cmvshop.com\/wp-content\/uploads\/2021\/03\/2021-03-11-12.39.06-1024x436.jpg 1024w, https:\/\/cmvshop.com\/wp-content\/uploads\/2021\/03\/2021-03-11-12.39.06-600x256.jpg 600w, https:\/\/cmvshop.com\/wp-content\/uploads\/2021\/03\/2021-03-11-12.39.06-300x128.jpg 300w, https:\/\/cmvshop.com\/wp-content\/uploads\/2021\/03\/2021-03-11-12.39.06-768x327.jpg 768w, https:\/\/cmvshop.com\/wp-content\/uploads\/2021\/03\/2021-03-11-12.39.06-1536x654.jpg 1536w, https:\/\/cmvshop.com\/wp-content\/uploads\/2021\/03\/2021-03-11-12.39.06-2048x872.jpg 2048w, https:\/\/cmvshop.com\/wp-content\/uploads\/2021\/03\/2021-03-11-12.39.06-16x7.jpg 16w\" sizes=\"(max-width: 980px) 100vw, 980px\" \/>\t\t\t\t\t\t\t\t<\/a>\n\t\t\t\t\t\t\t\t\t\t\t\t\t\t\t<\/div>\n\t\t\t\t<\/div>\n\t\t\t\t\t<\/div>\n\t\t<\/div>\n\t\t\t\t\t<\/div>\n\t\t<\/section>\n\t\t\t\t<section class=\"elementor-section elementor-top-section elementor-element elementor-element-ba8f37b elementor-section-boxed elementor-section-height-default elementor-section-height-default\" data-id=\"ba8f37b\" data-element_type=\"section\">\n\t\t\t\t\t\t<div class=\"elementor-container elementor-column-gap-default\">\n\t\t\t\t\t<div class=\"elementor-column elementor-col-100 elementor-top-column elementor-element elementor-element-676a601\" data-id=\"676a601\" data-element_type=\"column\">\n\t\t\t<div class=\"elementor-widget-wrap elementor-element-populated\">\n\t\t\t\t\t\t<div class=\"elementor-element elementor-element-8946e99 elementor-widget elementor-widget-spacer\" data-id=\"8946e99\" data-element_type=\"widget\" data-widget_type=\"spacer.default\">\n\t\t\t\t<div class=\"elementor-widget-container\">\n\t\t\t\t\t\t\t<div class=\"elementor-spacer\">\n\t\t\t<div class=\"elementor-spacer-inner\"><\/div>\n\t\t<\/div>\n\t\t\t\t\t\t<\/div>\n\t\t\t\t<\/div>\n\t\t\t\t<div class=\"elementor-element elementor-element-dc6fd18 elementor-widget elementor-widget-heading\" data-id=\"dc6fd18\" data-element_type=\"widget\" data-widget_type=\"heading.default\">\n\t\t\t\t<div class=\"elementor-widget-container\">\n\t\t\t\t\t<h2 class=\"elementor-heading-title elementor-size-xl\">Nehmen Sie Ihre eigenen Anpassungen vor<\/h2>\t\t\t\t<\/div>\n\t\t\t\t<\/div>\n\t\t\t\t<div class=\"elementor-element elementor-element-7a91357 elementor-widget elementor-widget-spacer\" data-id=\"7a91357\" data-element_type=\"widget\" data-widget_type=\"spacer.default\">\n\t\t\t\t<div class=\"elementor-widget-container\">\n\t\t\t\t\t\t\t<div class=\"elementor-spacer\">\n\t\t\t<div class=\"elementor-spacer-inner\"><\/div>\n\t\t<\/div>\n\t\t\t\t\t\t<\/div>\n\t\t\t\t<\/div>\n\t\t\t\t<div class=\"elementor-element elementor-element-fdce1f0 elementor-widget elementor-widget-text-editor\" data-id=\"fdce1f0\" data-element_type=\"widget\" data-widget_type=\"text-editor.default\">\n\t\t\t\t<div class=\"elementor-widget-container\">\n\t\t\t\t\t\t\t\t\t<p>Dies ist Ihr Modul zur Anpassung des Lenkers.\u00a0<span style=\"background-color: var(--background); color: var( --e-global-color-text );\">F\u00fcllen Sie alle Felder aus und senden Sie das Material, wir werden Ihre Kennzeichnung so schnell wie m\u00f6glich durchf\u00fchren.\u00a0<\/span><\/p><p><span style=\"color: var( --e-global-color-text ); background-color: var(--background);\"><b>Achtung: Das Foto des Lenkers ist nur repr\u00e4sentativ. Die Farbe des Lenkers entspricht der Farbe, die Sie tats\u00e4chlich in der Reihenfolge ausgew\u00e4hlt haben.<\/b><\/span><\/p>\t\t\t\t\t\t\t\t<\/div>\n\t\t\t\t<\/div>\n\t\t\t\t<div class=\"elementor-element elementor-element-593179b elementor-widget elementor-widget-image\" data-id=\"593179b\" data-element_type=\"widget\" data-widget_type=\"image.default\">\n\t\t\t\t<div class=\"elementor-widget-container\">\n\t\t\t\t\t\t\t\t\t\t\t\t\t\t\t<img decoding=\"async\" width=\"980\" height=\"191\" src=\"https:\/\/cmvshop.com\/wp-content\/uploads\/2021\/03\/manubrio-1024x200.jpg\" class=\"attachment-large size-large wp-image-2468\" alt=\"\" srcset=\"https:\/\/cmvshop.com\/wp-content\/uploads\/2021\/03\/manubrio-1024x200.jpg 1024w, https:\/\/cmvshop.com\/wp-content\/uploads\/2021\/03\/manubrio-300x58.jpg 300w, https:\/\/cmvshop.com\/wp-content\/uploads\/2021\/03\/manubrio-768x150.jpg 768w, https:\/\/cmvshop.com\/wp-content\/uploads\/2021\/03\/manubrio-1536x299.jpg 1536w, https:\/\/cmvshop.com\/wp-content\/uploads\/2021\/03\/manubrio-16x3.jpg 16w, https:\/\/cmvshop.com\/wp-content\/uploads\/2021\/03\/manubrio-600x117.jpg 600w, https:\/\/cmvshop.com\/wp-content\/uploads\/2021\/03\/manubrio.jpg 1555w\" sizes=\"(max-width: 980px) 100vw, 980px\" \/>\t\t\t\t\t\t\t\t\t\t\t\t\t\t\t<\/div>\n\t\t\t\t<\/div>\n\t\t\t\t<div class=\"elementor-element elementor-element-6304cce elementor-widget elementor-widget-spacer\" data-id=\"6304cce\" data-element_type=\"widget\" data-widget_type=\"spacer.default\">\n\t\t\t\t<div class=\"elementor-widget-container\">\n\t\t\t\t\t\t\t<div class=\"elementor-spacer\">\n\t\t\t<div class=\"elementor-spacer-inner\"><\/div>\n\t\t<\/div>\n\t\t\t\t\t\t<\/div>\n\t\t\t\t<\/div>\n\t\t\t\t<div class=\"elementor-element elementor-element-e48a2c1 elementor-widget elementor-widget-text-editor\" data-id=\"e48a2c1\" data-element_type=\"widget\" data-widget_type=\"text-editor.default\">\n\t\t\t\t<div class=\"elementor-widget-container\">\n\t\t\t\t\t\t\t\t\t<p>Das Foto oben ist repr\u00e4sentativ f\u00fcr die Position, an der die Lasermarkierung eingef\u00fcgt werden soll, in Bezug auf den gesehenen Lenker <strong>frontal<\/strong>. Die ungef\u00e4hren Abmessungen des Markierungsbereichs betragen 45 x 15 mm. Wir empfehlen daher, maximal sechs Zeichen einzugeben. Sie k\u00f6nnen die Schriftart ausw\u00e4hlen und entscheiden, ob die einzige gedruckt werden soll <strong>Beilage<\/strong> Buchstaben oder das Zeichen <strong>voll<\/strong>. Wenn Sie ein Logo senden m\u00f6chten <strong>als Alternative zum Text verwendet werden<\/strong>m\u00fcssen Sie der Eigent\u00fcmer oder autorisiert sein, um es zu verwenden. Insbesondere kann keine Marke in Bezug auf Energy-Drinks und Motorradmarken eingef\u00fcgt werden. Wir erinnern Sie daran, dass die Logo-Vorschau nicht verf\u00fcgbar ist.<\/p>\t\t\t\t\t\t\t\t<\/div>\n\t\t\t\t<\/div>\n\t\t\t\t<div class=\"elementor-element elementor-element-d3ab0a1 elementor-widget elementor-widget-html\" data-id=\"d3ab0a1\" data-element_type=\"widget\" data-widget_type=\"html.default\">\n\t\t\t\t<div class=\"elementor-widget-container\">\n\t\t\t\t\t<iframe src=\"https:\/\/cmvshop.com\/personalizzazione_files\/\" style=\"width: 100%; height: 300vh\"><\/iframe>\t\t\t\t<\/div>\n\t\t\t\t<\/div>\n\t\t\t\t\t<\/div>\n\t\t<\/div>\n\t\t\t\t\t<\/div>\n\t\t<\/section>\n\t\t\t\t<\/div>","protected":false},"excerpt":{"rendered":"<p>M\u00f6chten Sie Ihren Lenker einzigartig machen? CMV bietet Ihnen die M\u00f6glichkeit, Ihren Kauf durch Lasern eines alphanumerischen Textes oder Ihres Logos anzupassen. In unserem E-Commerce gibt es einen Code (klicken Sie hier, um ihn anzuzeigen), mit dem Sie den Anpassungsservice erwerben k\u00f6nnen, indem Sie Ihren neuen CMV-Lenker mit einem Laser markieren. Legen Sie diesen Artikel in den Warenkorb und erinnern Sie sich an [...]<\/p>","protected":false},"author":1,"featured_media":0,"parent":0,"menu_order":0,"comment_status":"closed","ping_status":"closed","template":"","meta":{"inline_featured_image":false,"footnotes":""},"class_list":["post-2305","page","type-page","status-publish","hentry"],"yoast_head":"<!-- This site is optimized with the Yoast SEO plugin v26.6 - https:\/\/yoast.com\/wordpress\/plugins\/seo\/ -->\n<title>Personalizzazione - CMV Shop<\/title>\n<meta name=\"robots\" content=\"index, follow, max-snippet:-1, max-image-preview:large, max-video-preview:-1\" \/>\n<link rel=\"canonical\" href=\"https:\/\/cmvshop.com\/de\/personalizzazione\/\" \/>\n<meta property=\"og:locale\" content=\"de_DE\" \/>\n<meta property=\"og:type\" content=\"article\" \/>\n<meta property=\"og:title\" content=\"Personalizzazione - CMV Shop\" \/>\n<meta property=\"og:description\" content=\"Vuoi rendere unico il tuo manubrio? CMV ti offre la possibilit\u00e0 di personalizzare \u00a0l&#8217;acquisto laserando un testo alfanumerico oppure il tuo logo. Nel nostro e-commerce \u00e8 presente un codice (clicca qui per visualizzarlo) che ti permette di acquistare il servizio di personalizzazione tramite marcatura laser del tuo nuovo manubrio CMV. Inserisci quell&#8217;articolo nel carrello, ricordandoti [&hellip;]\" \/>\n<meta property=\"og:url\" content=\"https:\/\/cmvshop.com\/de\/personalizzazione\/\" \/>\n<meta property=\"og:site_name\" content=\"CMV Shop\" \/>\n<meta property=\"article:publisher\" content=\"https:\/\/www.facebook.com\/cmvmecc\" \/>\n<meta property=\"article:modified_time\" content=\"2021-04-01T14:52:28+00:00\" \/>\n<meta property=\"og:image\" content=\"https:\/\/cmvshop.com\/wp-content\/uploads\/2021\/03\/2021-03-03-15.06.23-1-1024x1021.jpg\" \/>\n<meta name=\"twitter:card\" content=\"summary_large_image\" \/>\n<meta name=\"twitter:label1\" content=\"Gesch\u00e4tzte Lesezeit\" \/>\n\t<meta name=\"twitter:data1\" content=\"2 Minuten\" \/>\n<script type=\"application\/ld+json\" class=\"yoast-schema-graph\">{\"@context\":\"https:\/\/schema.org\",\"@graph\":[{\"@type\":\"WebPage\",\"@id\":\"https:\/\/cmvshop.com\/personalizzazione\/\",\"url\":\"https:\/\/cmvshop.com\/personalizzazione\/\",\"name\":\"Personalizzazione - CMV Shop\",\"isPartOf\":{\"@id\":\"https:\/\/cmvshop.com\/#website\"},\"primaryImageOfPage\":{\"@id\":\"https:\/\/cmvshop.com\/personalizzazione\/#primaryimage\"},\"image\":{\"@id\":\"https:\/\/cmvshop.com\/personalizzazione\/#primaryimage\"},\"thumbnailUrl\":\"https:\/\/cmvshop.com\/wp-content\/uploads\/2021\/03\/2021-03-03-15.06.23-1-1024x1021.jpg\",\"datePublished\":\"2021-03-03T11:43:24+00:00\",\"dateModified\":\"2021-04-01T14:52:28+00:00\",\"breadcrumb\":{\"@id\":\"https:\/\/cmvshop.com\/personalizzazione\/#breadcrumb\"},\"inLanguage\":\"de-DE\",\"potentialAction\":[{\"@type\":\"ReadAction\",\"target\":[\"https:\/\/cmvshop.com\/personalizzazione\/\"]}]},{\"@type\":\"ImageObject\",\"inLanguage\":\"de-DE\",\"@id\":\"https:\/\/cmvshop.com\/personalizzazione\/#primaryimage\",\"url\":\"https:\/\/cmvshop.com\/wp-content\/uploads\/2021\/03\/2021-03-03-15.06.23-1-1024x1021.jpg\",\"contentUrl\":\"https:\/\/cmvshop.com\/wp-content\/uploads\/2021\/03\/2021-03-03-15.06.23-1-1024x1021.jpg\"},{\"@type\":\"BreadcrumbList\",\"@id\":\"https:\/\/cmvshop.com\/personalizzazione\/#breadcrumb\",\"itemListElement\":[{\"@type\":\"ListItem\",\"position\":1,\"name\":\"Home\",\"item\":\"https:\/\/cmvshop.com\/\"},{\"@type\":\"ListItem\",\"position\":2,\"name\":\"Personalizzazione\"}]},{\"@type\":\"WebSite\",\"@id\":\"https:\/\/cmvshop.com\/#website\",\"url\":\"https:\/\/cmvshop.com\/\",\"name\":\"CMV Shop\",\"description\":\"CMV Meccanica Shop\",\"publisher\":{\"@id\":\"https:\/\/cmvshop.com\/#organization\"},\"potentialAction\":[{\"@type\":\"SearchAction\",\"target\":{\"@type\":\"EntryPoint\",\"urlTemplate\":\"https:\/\/cmvshop.com\/?s={search_term_string}\"},\"query-input\":{\"@type\":\"PropertyValueSpecification\",\"valueRequired\":true,\"valueName\":\"search_term_string\"}}],\"inLanguage\":\"de-DE\"},{\"@type\":\"Organization\",\"@id\":\"https:\/\/cmvshop.com\/#organization\",\"name\":\"CMV MECCANICA SRL\",\"url\":\"https:\/\/cmvshop.com\/\",\"logo\":{\"@type\":\"ImageObject\",\"inLanguage\":\"de-DE\",\"@id\":\"https:\/\/cmvshop.com\/#\/schema\/logo\/image\/\",\"url\":\"https:\/\/cmvshop.com\/wp-content\/uploads\/2021\/01\/logo_001.png\",\"contentUrl\":\"https:\/\/cmvshop.com\/wp-content\/uploads\/2021\/01\/logo_001.png\",\"width\":329,\"height\":150,\"caption\":\"CMV MECCANICA SRL\"},\"image\":{\"@id\":\"https:\/\/cmvshop.com\/#\/schema\/logo\/image\/\"},\"sameAs\":[\"https:\/\/www.facebook.com\/cmvmecc\",\"https:\/\/www.instagram.com\/cmvmeccanica\/\",\"https:\/\/www.linkedin.com\/company\/cmv-meccanica\/\"]}]}<\/script>\n<!-- \/ Yoast SEO plugin. -->","yoast_head_json":{"title":"Personalizzazione - CMV Shop","robots":{"index":"index","follow":"follow","max-snippet":"max-snippet:-1","max-image-preview":"max-image-preview:large","max-video-preview":"max-video-preview:-1"},"canonical":"https:\/\/cmvshop.com\/de\/personalizzazione\/","og_locale":"de_DE","og_type":"article","og_title":"Personalizzazione - CMV Shop","og_description":"Vuoi rendere unico il tuo manubrio? CMV ti offre la possibilit\u00e0 di personalizzare \u00a0l&#8217;acquisto laserando un testo alfanumerico oppure il tuo logo. Nel nostro e-commerce \u00e8 presente un codice (clicca qui per visualizzarlo) che ti permette di acquistare il servizio di personalizzazione tramite marcatura laser del tuo nuovo manubrio CMV. Inserisci quell&#8217;articolo nel carrello, ricordandoti [&hellip;]","og_url":"https:\/\/cmvshop.com\/de\/personalizzazione\/","og_site_name":"CMV Shop","article_publisher":"https:\/\/www.facebook.com\/cmvmecc","article_modified_time":"2021-04-01T14:52:28+00:00","og_image":[{"url":"https:\/\/cmvshop.com\/wp-content\/uploads\/2021\/03\/2021-03-03-15.06.23-1-1024x1021.jpg","type":"","width":"","height":""}],"twitter_card":"summary_large_image","twitter_misc":{"Gesch\u00e4tzte Lesezeit":"2 Minuten"},"schema":{"@context":"https:\/\/schema.org","@graph":[{"@type":"WebPage","@id":"https:\/\/cmvshop.com\/personalizzazione\/","url":"https:\/\/cmvshop.com\/personalizzazione\/","name":"Personalizzazione - CMV Shop","isPartOf":{"@id":"https:\/\/cmvshop.com\/#website"},"primaryImageOfPage":{"@id":"https:\/\/cmvshop.com\/personalizzazione\/#primaryimage"},"image":{"@id":"https:\/\/cmvshop.com\/personalizzazione\/#primaryimage"},"thumbnailUrl":"https:\/\/cmvshop.com\/wp-content\/uploads\/2021\/03\/2021-03-03-15.06.23-1-1024x1021.jpg","datePublished":"2021-03-03T11:43:24+00:00","dateModified":"2021-04-01T14:52:28+00:00","breadcrumb":{"@id":"https:\/\/cmvshop.com\/personalizzazione\/#breadcrumb"},"inLanguage":"de-DE","potentialAction":[{"@type":"ReadAction","target":["https:\/\/cmvshop.com\/personalizzazione\/"]}]},{"@type":"ImageObject","inLanguage":"de-DE","@id":"https:\/\/cmvshop.com\/personalizzazione\/#primaryimage","url":"https:\/\/cmvshop.com\/wp-content\/uploads\/2021\/03\/2021-03-03-15.06.23-1-1024x1021.jpg","contentUrl":"https:\/\/cmvshop.com\/wp-content\/uploads\/2021\/03\/2021-03-03-15.06.23-1-1024x1021.jpg"},{"@type":"BreadcrumbList","@id":"https:\/\/cmvshop.com\/personalizzazione\/#breadcrumb","itemListElement":[{"@type":"ListItem","position":1,"name":"Home","item":"https:\/\/cmvshop.com\/"},{"@type":"ListItem","position":2,"name":"Personalizzazione"}]},{"@type":"WebSite","@id":"https:\/\/cmvshop.com\/#website","url":"https:\/\/cmvshop.com\/","name":"CMV Shop","description":"CMV Meccanica Shop","publisher":{"@id":"https:\/\/cmvshop.com\/#organization"},"potentialAction":[{"@type":"SearchAction","target":{"@type":"EntryPoint","urlTemplate":"https:\/\/cmvshop.com\/?s={search_term_string}"},"query-input":{"@type":"PropertyValueSpecification","valueRequired":true,"valueName":"search_term_string"}}],"inLanguage":"de-DE"},{"@type":"Organization","@id":"https:\/\/cmvshop.com\/#organization","name":"CMV MECCANICA SRL","url":"https:\/\/cmvshop.com\/","logo":{"@type":"ImageObject","inLanguage":"de-DE","@id":"https:\/\/cmvshop.com\/#\/schema\/logo\/image\/","url":"https:\/\/cmvshop.com\/wp-content\/uploads\/2021\/01\/logo_001.png","contentUrl":"https:\/\/cmvshop.com\/wp-content\/uploads\/2021\/01\/logo_001.png","width":329,"height":150,"caption":"CMV MECCANICA SRL"},"image":{"@id":"https:\/\/cmvshop.com\/#\/schema\/logo\/image\/"},"sameAs":["https:\/\/www.facebook.com\/cmvmecc","https:\/\/www.instagram.com\/cmvmeccanica\/","https:\/\/www.linkedin.com\/company\/cmv-meccanica\/"]}]}},"_links":{"self":[{"href":"https:\/\/cmvshop.com\/de\/wp-json\/wp\/v2\/pages\/2305","targetHints":{"allow":["GET"]}}],"collection":[{"href":"https:\/\/cmvshop.com\/de\/wp-json\/wp\/v2\/pages"}],"about":[{"href":"https:\/\/cmvshop.com\/de\/wp-json\/wp\/v2\/types\/page"}],"author":[{"embeddable":true,"href":"https:\/\/cmvshop.com\/de\/wp-json\/wp\/v2\/users\/1"}],"replies":[{"embeddable":true,"href":"https:\/\/cmvshop.com\/de\/wp-json\/wp\/v2\/comments?post=2305"}],"version-history":[{"count":56,"href":"https:\/\/cmvshop.com\/de\/wp-json\/wp\/v2\/pages\/2305\/revisions"}],"predecessor-version":[{"id":2567,"href":"https:\/\/cmvshop.com\/de\/wp-json\/wp\/v2\/pages\/2305\/revisions\/2567"}],"wp:attachment":[{"href":"https:\/\/cmvshop.com\/de\/wp-json\/wp\/v2\/media?parent=2305"}],"curies":[{"name":"wp","href":"https:\/\/api.w.org\/{rel}","templated":true}]}}